{"id":13,"date":"2024-09-30T15:54:07","date_gmt":"2024-09-30T20:54:07","guid":{"rendered":"https:\/\/travelmed.co\/?page_id=13"},"modified":"2024-10-01T22:08:52","modified_gmt":"2024-10-02T03:08:52","slug":"home","status":"publish","type":"page","link":"https:\/\/travelmed.co","title":{"rendered":"Inicio"},"content":{"rendered":"\t\t<div data-elementor-type=\"wp-page\" data-elementor-id=\"13\" class=\"elementor elementor-13\" data-elementor-post-type=\"page\">\n\t\t\t\t\t\t<section class=\"elementor-section elementor-top-section elementor-element elementor-element-5999129e elementor-section-full_width medical-healthcare-elementor-banner-section elementor-section-height-default elementor-section-height-default\" data-id=\"5999129e\" data-element_type=\"section\" data-settings=\"{&quot;background_background&quot;:&quot;classic&quot;}\">\n\t\t\t\t\t\t<div class=\"elementor-container elementor-column-gap-default\">\n\t\t\t\t\t<div class=\"elementor-column elementor-col-100 elementor-top-column elementor-element elementor-element-37fad356\" data-id=\"37fad356\" data-element_type=\"column\">\n\t\t\t<div class=\"elementor-widget-wrap elementor-element-populated\">\n\t\t\t\t\t\t<section class=\"elementor-section elementor-inner-section elementor-element elementor-element-558b9593 elementor-section-full_width banner-section-column elementor-section-height-default elementor-section-height-default\" data-id=\"558b9593\" data-element_type=\"section\">\n\t\t\t\t\t\t<div class=\"elementor-container elementor-column-gap-default\">\n\t\t\t\t\t<div class=\"elementor-column elementor-col-50 elementor-inner-column elementor-element elementor-element-43a6e73d banner-section-column-1\" data-id=\"43a6e73d\" data-element_type=\"column\">\n\t\t\t<div class=\"elementor-widget-wrap elementor-element-populated\">\n\t\t\t\t\t\t<div class=\"elementor-element elementor-element-2fe42fc0 elementor-widget__width-auto column-1-toppara elementor-widget elementor-widget-text-editor\" data-id=\"2fe42fc0\" data-element_type=\"widget\" data-widget_type=\"text-editor.default\">\n\t\t\t\t<div class=\"elementor-widget-container\">\n\t\t\t\t\t\t\t<p>Atenci\u00f3n medica con expertos<\/p>\t\t\t\t\t\t<\/div>\n\t\t\t\t<\/div>\n\t\t\t\t<div class=\"elementor-element elementor-element-5e171525 elementor-widget elementor-widget-heading\" data-id=\"5e171525\" data-element_type=\"widget\" data-widget_type=\"heading.default\">\n\t\t\t\t<div class=\"elementor-widget-container\">\n\t\t\t<h1 class=\"elementor-heading-title elementor-size-default\">Medicina del Viajero<\/h1>\t\t<\/div>\n\t\t\t\t<\/div>\n\t\t\t\t<div class=\"elementor-element elementor-element-38cab4ec elementor-widget__width-inherit banner-section-text elementor-widget elementor-widget-text-editor\" data-id=\"38cab4ec\" data-element_type=\"widget\" data-widget_type=\"text-editor.default\">\n\t\t\t\t<div class=\"elementor-widget-container\">\n\t\t\t\t\t\t\t<p>En TravelMed, nos especializamos en la salud del viajero. Ofrecemos vacunaci\u00f3n, consultas y certificados m\u00e9dicos para asegurar que tu viaje sea seguro y saludable. Vis\u00edtanos en Santa Marta o Medell\u00edn y prep\u00e1rate para tu pr\u00f3xima aventura<\/p>\t\t\t\t\t\t<\/div>\n\t\t\t\t<\/div>\n\t\t\t\t<div class=\"elementor-element elementor-element-2cf0ce8f elementor-widget elementor-widget-button\" data-id=\"2cf0ce8f\" data-element_type=\"widget\" data-widget_type=\"button.default\">\n\t\t\t\t<div class=\"elementor-widget-container\">\n\t\t\t\t\t<div class=\"elementor-button-wrapper\">\n\t\t\t<a class=\"elementor-button elementor-button-link elementor-size-sm\" href=\"#\">\n\t\t\t\t\t\t<span class=\"elementor-button-content-wrapper\">\n\t\t\t\t\t\t\t\t\t<span class=\"elementor-button-text\">AGENDAR CITA<\/span>\n\t\t\t\t\t<\/span>\n\t\t\t\t\t<\/a>\n\t\t<\/div>\n\t\t\t\t<\/div>\n\t\t\t\t<\/div>\n\t\t\t\t\t<\/div>\n\t\t<\/div>\n\t\t\t\t<div class=\"elementor-column elementor-col-50 elementor-inner-column elementor-element elementor-element-7179e4e5 banner-section-column-2\" data-id=\"7179e4e5\" data-element_type=\"column\">\n\t\t\t<div class=\"elementor-widget-wrap\">\n\t\t\t\t\t\t\t<\/div>\n\t\t<\/div>\n\t\t\t\t\t<\/div>\n\t\t<\/section>\n\t\t\t\t\t<\/div>\n\t\t<\/div>\n\t\t\t\t\t<\/div>\n\t\t<\/section>\n\t\t\t\t<section class=\"elementor-section elementor-top-section elementor-element elementor-element-12e2e365 elementor-section-full_width medical-healthcare-elementor-services-section elementor-section-height-default elementor-section-height-default\" data-id=\"12e2e365\" data-element_type=\"section\">\n\t\t\t\t\t\t<div class=\"elementor-container elementor-column-gap-default\">\n\t\t\t\t\t<div class=\"elementor-column elementor-col-100 elementor-top-column elementor-element elementor-element-50bfe206\" data-id=\"50bfe206\" data-element_type=\"column\">\n\t\t\t<div class=\"elementor-widget-wrap elementor-element-populated\">\n\t\t\t\t\t\t<div class=\"elementor-element elementor-element-420164ff services-section-toppara elementor-widget elementor-widget-text-editor\" data-id=\"420164ff\" data-element_type=\"widget\" data-widget_type=\"text-editor.default\">\n\t\t\t\t<div class=\"elementor-widget-container\">\n\t\t\t\t\t\t\t<p>servicios<\/p>\t\t\t\t\t\t<\/div>\n\t\t\t\t<\/div>\n\t\t\t\t<div class=\"elementor-element elementor-element-6c939be3 services-section-heading elementor-widget elementor-widget-heading\" data-id=\"6c939be3\" data-element_type=\"widget\" data-widget_type=\"heading.default\">\n\t\t\t\t<div class=\"elementor-widget-container\">\n\t\t\t<h2 class=\"elementor-heading-title elementor-size-default\">Ofrecemos una gama completa de servicios m\u00e9dicos para viajeros:<\/h2>\t\t<\/div>\n\t\t\t\t<\/div>\n\t\t\t\t<div class=\"elementor-element elementor-element-60be91b services-section-desc elementor-widget elementor-widget-text-editor\" data-id=\"60be91b\" data-element_type=\"widget\" data-widget_type=\"text-editor.default\">\n\t\t\t\t<div class=\"elementor-widget-container\">\n\t\t\t\t\t\t\t<p>Nuestra misi\u00f3n es ofrecer servicios de salud de alta calidad para que puedas disfrutar de tu viaje sin preocupaciones<\/p>\t\t\t\t\t\t<\/div>\n\t\t\t\t<\/div>\n\t\t\t\t<section class=\"elementor-section elementor-inner-section elementor-element elementor-element-1d57f7ff elementor-section-boxed elementor-section-height-default elementor-section-height-default\" data-id=\"1d57f7ff\" data-element_type=\"section\">\n\t\t\t\t\t\t<div class=\"elementor-container elementor-column-gap-default\">\n\t\t\t\t\t<div class=\"elementor-column elementor-col-33 elementor-inner-column elementor-element elementor-element-31ba1728 services-section-column\" data-id=\"31ba1728\" data-element_type=\"column\">\n\t\t\t<div class=\"elementor-widget-wrap elementor-element-populated\">\n\t\t\t\t\t\t<div class=\"elementor-element elementor-element-24481625 elementor-widget elementor-widget-image\" data-id=\"24481625\" data-element_type=\"widget\" data-widget_type=\"image.default\">\n\t\t\t\t<div class=\"elementor-widget-container\">\n\t\t\t\t\t\t\t\t\t\t\t\t\t<img fetchpriority=\"high\" decoding=\"async\" width=\"1024\" height=\"683\" src=\"https:\/\/travelmed.co\/wp-content\/uploads\/2024\/10\/woman-medical-mask-getting-her-temperature-measured-by-electronic-thermometer-1024x683.webp\" class=\"attachment-large size-large wp-image-47\" alt=\"\" srcset=\"https:\/\/travelmed.co\/wp-content\/uploads\/2024\/10\/woman-medical-mask-getting-her-temperature-measured-by-electronic-thermometer-1024x683.webp 1024w, https:\/\/travelmed.co\/wp-content\/uploads\/2024\/10\/woman-medical-mask-getting-her-temperature-measured-by-electronic-thermometer-300x200.webp 300w, https:\/\/travelmed.co\/wp-content\/uploads\/2024\/10\/woman-medical-mask-getting-her-temperature-measured-by-electronic-thermometer-768x512.webp 768w, https:\/\/travelmed.co\/wp-content\/uploads\/2024\/10\/woman-medical-mask-getting-her-temperature-measured-by-electronic-thermometer-1536x1025.webp 1536w, https:\/\/travelmed.co\/wp-content\/uploads\/2024\/10\/woman-medical-mask-getting-her-temperature-measured-by-electronic-thermometer-scaled.webp 1920w\" sizes=\"(max-width: 1024px) 100vw, 1024px\" \/>\t\t\t\t\t\t\t\t\t\t\t\t\t<\/div>\n\t\t\t\t<\/div>\n\t\t\t\t<div class=\"elementor-element elementor-element-19a807b elementor-widget elementor-widget-text-editor\" data-id=\"19a807b\" data-element_type=\"widget\" data-widget_type=\"text-editor.default\">\n\t\t\t\t<div class=\"elementor-widget-container\">\n\t\t\t\t\t\t\t<p>Vacunaci\u00f3n internacional<\/p>\t\t\t\t\t\t<\/div>\n\t\t\t\t<\/div>\n\t\t\t\t<div class=\"elementor-element elementor-element-7db88749 elementor-widget elementor-widget-heading\" data-id=\"7db88749\" data-element_type=\"widget\" data-widget_type=\"heading.default\">\n\t\t\t\t<div class=\"elementor-widget-container\">\n\t\t\t<h3 class=\"elementor-heading-title elementor-size-default\">Fiebre Amarilla<\/h3>\t\t<\/div>\n\t\t\t\t<\/div>\n\t\t\t\t<div class=\"elementor-element elementor-element-6ed182c9 elementor-widget elementor-widget-text-editor\" data-id=\"6ed182c9\" data-element_type=\"widget\" data-widget_type=\"text-editor.default\">\n\t\t\t\t<div class=\"elementor-widget-container\">\n\t\t\t\t\t\t\t<p>Conoce m\u00e1s sobre nuestras opciones y reserva tu cita hoy.<\/p>\t\t\t\t\t\t<\/div>\n\t\t\t\t<\/div>\n\t\t\t\t\t<\/div>\n\t\t<\/div>\n\t\t\t\t<div class=\"elementor-column elementor-col-33 elementor-inner-column elementor-element elementor-element-606d6923 services-section-column\" data-id=\"606d6923\" data-element_type=\"column\">\n\t\t\t<div class=\"elementor-widget-wrap elementor-element-populated\">\n\t\t\t\t\t\t<div class=\"elementor-element elementor-element-5596b6b4 elementor-widget elementor-widget-image\" data-id=\"5596b6b4\" data-element_type=\"widget\" data-widget_type=\"image.default\">\n\t\t\t\t<div class=\"elementor-widget-container\">\n\t\t\t\t\t\t\t\t\t\t\t\t\t<img decoding=\"async\" width=\"1024\" height=\"683\" src=\"https:\/\/travelmed.co\/wp-content\/uploads\/2024\/10\/hands-holding-bangkok-thailand-travel-guide-book-with-map-floor-1024x683.webp\" class=\"attachment-large size-large wp-image-45\" alt=\"\" srcset=\"https:\/\/travelmed.co\/wp-content\/uploads\/2024\/10\/hands-holding-bangkok-thailand-travel-guide-book-with-map-floor-1024x683.webp 1024w, https:\/\/travelmed.co\/wp-content\/uploads\/2024\/10\/hands-holding-bangkok-thailand-travel-guide-book-with-map-floor-300x200.webp 300w, https:\/\/travelmed.co\/wp-content\/uploads\/2024\/10\/hands-holding-bangkok-thailand-travel-guide-book-with-map-floor-768x513.webp 768w, https:\/\/travelmed.co\/wp-content\/uploads\/2024\/10\/hands-holding-bangkok-thailand-travel-guide-book-with-map-floor-1536x1025.webp 1536w, https:\/\/travelmed.co\/wp-content\/uploads\/2024\/10\/hands-holding-bangkok-thailand-travel-guide-book-with-map-floor-scaled.webp 1920w\" sizes=\"(max-width: 1024px) 100vw, 1024px\" \/>\t\t\t\t\t\t\t\t\t\t\t\t\t<\/div>\n\t\t\t\t<\/div>\n\t\t\t\t<div class=\"elementor-element elementor-element-6565861b elementor-widget elementor-widget-text-editor\" data-id=\"6565861b\" data-element_type=\"widget\" data-widget_type=\"text-editor.default\">\n\t\t\t\t<div class=\"elementor-widget-container\">\n\t\t\t\t\t\t\t<p>Certificados de salud<\/p>\t\t\t\t\t\t<\/div>\n\t\t\t\t<\/div>\n\t\t\t\t<div class=\"elementor-element elementor-element-4315550c elementor-widget elementor-widget-heading\" data-id=\"4315550c\" data-element_type=\"widget\" data-widget_type=\"heading.default\">\n\t\t\t\t<div class=\"elementor-widget-container\">\n\t\t\t<h3 class=\"elementor-heading-title elementor-size-default\">Importante reconocer<\/h3>\t\t<\/div>\n\t\t\t\t<\/div>\n\t\t\t\t<div class=\"elementor-element elementor-element-1d1e7241 elementor-widget elementor-widget-text-editor\" data-id=\"1d1e7241\" data-element_type=\"widget\" data-widget_type=\"text-editor.default\">\n\t\t\t\t<div class=\"elementor-widget-container\">\n\t\t\t\t\t\t\t<p>Para visas o ingreso a ciertos pa\u00edses<\/p>\t\t\t\t\t\t<\/div>\n\t\t\t\t<\/div>\n\t\t\t\t\t<\/div>\n\t\t<\/div>\n\t\t\t\t<div class=\"elementor-column elementor-col-33 elementor-inner-column elementor-element elementor-element-17d59ada services-section-column\" data-id=\"17d59ada\" data-element_type=\"column\">\n\t\t\t<div class=\"elementor-widget-wrap elementor-element-populated\">\n\t\t\t\t\t\t<div class=\"elementor-element elementor-element-5ca0fb22 elementor-widget elementor-widget-image\" data-id=\"5ca0fb22\" data-element_type=\"widget\" data-widget_type=\"image.default\">\n\t\t\t\t<div class=\"elementor-widget-container\">\n\t\t\t\t\t\t\t\t\t\t\t\t\t<img decoding=\"async\" width=\"1024\" height=\"683\" src=\"https:\/\/travelmed.co\/wp-content\/uploads\/2024\/10\/couple-standing-straight-road-looking-map-1024x683.webp\" class=\"attachment-large size-large wp-image-46\" alt=\"\" srcset=\"https:\/\/travelmed.co\/wp-content\/uploads\/2024\/10\/couple-standing-straight-road-looking-map-1024x683.webp 1024w, https:\/\/travelmed.co\/wp-content\/uploads\/2024\/10\/couple-standing-straight-road-looking-map-300x200.webp 300w, https:\/\/travelmed.co\/wp-content\/uploads\/2024\/10\/couple-standing-straight-road-looking-map-768x512.webp 768w, https:\/\/travelmed.co\/wp-content\/uploads\/2024\/10\/couple-standing-straight-road-looking-map-1536x1024.webp 1536w, https:\/\/travelmed.co\/wp-content\/uploads\/2024\/10\/couple-standing-straight-road-looking-map-scaled.webp 1920w\" sizes=\"(max-width: 1024px) 100vw, 1024px\" \/>\t\t\t\t\t\t\t\t\t\t\t\t\t<\/div>\n\t\t\t\t<\/div>\n\t\t\t\t<div class=\"elementor-element elementor-element-23241949 elementor-widget elementor-widget-text-editor\" data-id=\"23241949\" data-element_type=\"widget\" data-widget_type=\"text-editor.default\">\n\t\t\t\t<div class=\"elementor-widget-container\">\n\t\t\t\t\t\t\t<p>Asesor\u00eda m\u00e9dica<\/p>\t\t\t\t\t\t<\/div>\n\t\t\t\t<\/div>\n\t\t\t\t<div class=\"elementor-element elementor-element-1cd00f17 elementor-widget elementor-widget-heading\" data-id=\"1cd00f17\" data-element_type=\"widget\" data-widget_type=\"heading.default\">\n\t\t\t\t<div class=\"elementor-widget-container\">\n\t\t\t<h3 class=\"elementor-heading-title elementor-size-default\">Todo lo que necesitas saber<\/h3>\t\t<\/div>\n\t\t\t\t<\/div>\n\t\t\t\t<div class=\"elementor-element elementor-element-301a855e elementor-widget elementor-widget-text-editor\" data-id=\"301a855e\" data-element_type=\"widget\" data-widget_type=\"text-editor.default\">\n\t\t\t\t<div class=\"elementor-widget-container\">\n\t\t\t\t\t\t\t<p>Antes, durante y despu\u00e9s del viaje (medicamentos, recomendaciones).<\/p>\t\t\t\t\t\t<\/div>\n\t\t\t\t<\/div>\n\t\t\t\t\t<\/div>\n\t\t<\/div>\n\t\t\t\t\t<\/div>\n\t\t<\/section>\n\t\t\t\t\t<\/div>\n\t\t<\/div>\n\t\t\t\t\t<\/div>\n\t\t<\/section>\n\t\t\t\t<\/div>\n\t\t","protected":false},"excerpt":{"rendered":"<p>Atenci\u00f3n medica con expertos Medicina del Viajero En TravelMed, nos especializamos en la salud del viajero. Ofrecemos vacunaci\u00f3n, consultas y certificados m\u00e9dicos para asegurar que tu viaje sea seguro y saludable. Vis\u00edtanos en Santa Marta o Medell\u00edn y prep\u00e1rate para tu pr\u00f3xima aventura AGENDAR CITA servicios Ofrecemos una gama completa de servicios m\u00e9dicos para viajeros: [&hellip;]<\/p>\n","protected":false},"author":1,"featured_media":0,"parent":0,"menu_order":0,"comment_status":"closed","ping_status":"closed","template":"templates\/frontpage.php","meta":{"footnotes":""},"class_list":["post-13","page","type-page","status-publish","hentry"],"_links":{"self":[{"href":"https:\/\/travelmed.co\/index.php?rest_route=\/wp\/v2\/pages\/13","targetHints":{"allow":["GET"]}}],"collection":[{"href":"https:\/\/travelmed.co\/index.php?rest_route=\/wp\/v2\/pages"}],"about":[{"href":"https:\/\/travelmed.co\/index.php?rest_route=\/wp\/v2\/types\/page"}],"author":[{"embeddable":true,"href":"https:\/\/travelmed.co\/index.php?rest_route=\/wp\/v2\/users\/1"}],"replies":[{"embeddable":true,"href":"https:\/\/travelmed.co\/index.php?rest_route=%2Fwp%2Fv2%2Fcomments&post=13"}],"version-history":[{"count":24,"href":"https:\/\/travelmed.co\/index.php?rest_route=\/wp\/v2\/pages\/13\/revisions"}],"predecessor-version":[{"id":54,"href":"https:\/\/travelmed.co\/index.php?rest_route=\/wp\/v2\/pages\/13\/revisions\/54"}],"wp:attachment":[{"href":"https:\/\/travelmed.co\/index.php?rest_route=%2Fwp%2Fv2%2Fmedia&parent=13"}],"curies":[{"name":"wp","href":"https:\/\/api.w.org\/{rel}","templated":true}]}}