{"id":2,"date":"2024-09-30T15:45:29","date_gmt":"2024-09-30T20:45:29","guid":{"rendered":"https:\/\/travelmed.co\/?page_id=2"},"modified":"2024-10-06T16:01:08","modified_gmt":"2024-10-06T21:01:08","slug":"pagina-ejemplo","status":"publish","type":"page","link":"https:\/\/travelmed.co\/?page_id=2","title":{"rendered":"Nosotros"},"content":{"rendered":"\t\t<div data-elementor-type=\"wp-page\" data-elementor-id=\"2\" class=\"elementor elementor-2\" data-elementor-post-type=\"page\">\n\t\t\t\t<div class=\"elementor-element elementor-element-4f0625d e-flex e-con-boxed e-con e-parent\" data-id=\"4f0625d\" data-element_type=\"container\">\n\t\t\t\t\t<div class=\"e-con-inner\">\n\t\t\t\t<div class=\"elementor-element elementor-element-a1c813c elementor-widget elementor-widget-heading\" data-id=\"a1c813c\" data-element_type=\"widget\" data-widget_type=\"heading.default\">\n\t\t\t\t<div class=\"elementor-widget-container\">\n\t\t\t<h2 class=\"elementor-heading-title elementor-size-default\">Sobre Nosotros<\/h2>\t\t<\/div>\n\t\t\t\t<\/div>\n\t\t\t\t\t<\/div>\n\t\t\t\t<\/div>\n\t\t<div class=\"elementor-element elementor-element-6a4af96b e-flex e-con-boxed e-con e-parent\" data-id=\"6a4af96b\" data-element_type=\"container\">\n\t\t\t\t\t<div class=\"e-con-inner\">\n\t\t\t\t<div class=\"elementor-element elementor-element-5d8b8363 elementor-widget elementor-widget-text-editor\" data-id=\"5d8b8363\" data-element_type=\"widget\" data-widget_type=\"text-editor.default\">\n\t\t\t\t<div class=\"elementor-widget-container\">\n\t\t\t\t\t\t\t<p><!-- wp:paragraph --><\/p>\n<p>En <em>TravelMed<\/em>, creemos que la salud del viajero es esencial para asegurar una experiencia de viaje tranquila y libre de preocupaciones. Fundados en 2023, nacimos con la misi\u00f3n de ofrecer un servicio especializado en medicina preventiva para aquellos que exploran el mundo, tanto por trabajo como por placer.<\/p>\n<p>Con a\u00f1os de experiencia en el campo de la salud, nuestros fundadores identificaron una necesidad creciente: la falta de asesor\u00eda m\u00e9dica adecuada para viajeros. Ya sea que viajes a destinos ex\u00f3ticos o simplemente a pa\u00edses con requisitos m\u00e9dicos espec\u00edficos, <em>TravelMed<\/em> te proporciona las herramientas y conocimientos necesarios para proteger tu bienestar antes, durante y despu\u00e9s de tu viaje.<\/p>\n<p><!-- \/wp:paragraph --><\/p>\t\t\t\t\t\t<\/div>\n\t\t\t\t<\/div>\n\t\t\t\t\t<\/div>\n\t\t\t\t<\/div>\n\t\t<div class=\"elementor-element elementor-element-9fcecff e-flex e-con-boxed e-con e-parent\" data-id=\"9fcecff\" data-element_type=\"container\">\n\t\t\t\t\t<div class=\"e-con-inner\">\n\t\t<div class=\"elementor-element elementor-element-86119a9 e-con-full e-flex e-con e-child\" data-id=\"86119a9\" data-element_type=\"container\">\n\t\t\t\t<div class=\"elementor-element elementor-element-fc1b704 elementor-widget elementor-widget-image\" data-id=\"fc1b704\" data-element_type=\"widget\" data-widget_type=\"image.default\">\n\t\t\t\t<div class=\"elementor-widget-container\">\n\t\t\t\t\t\t\t\t\t\t\t\t\t<img fetchpriority=\"high\" decoding=\"async\" width=\"1024\" height=\"1024\" src=\"https:\/\/travelmed.co\/wp-content\/uploads\/2024\/10\/DJI_0507-1.webp\" class=\"attachment-large size-large wp-image-82\" alt=\"\" srcset=\"https:\/\/travelmed.co\/wp-content\/uploads\/2024\/10\/DJI_0507-1.webp 1024w, https:\/\/travelmed.co\/wp-content\/uploads\/2024\/10\/DJI_0507-1-300x300.webp 300w, https:\/\/travelmed.co\/wp-content\/uploads\/2024\/10\/DJI_0507-1-150x150.webp 150w, https:\/\/travelmed.co\/wp-content\/uploads\/2024\/10\/DJI_0507-1-768x768.webp 768w\" sizes=\"(max-width: 1024px) 100vw, 1024px\" \/>\t\t\t\t\t\t\t\t\t\t\t\t\t<\/div>\n\t\t\t\t<\/div>\n\t\t\t\t<\/div>\n\t\t<div class=\"elementor-element elementor-element-5d23a68 e-con-full e-flex e-con e-child\" data-id=\"5d23a68\" data-element_type=\"container\">\n\t\t\t\t<div class=\"elementor-element elementor-element-36f359c elementor-widget elementor-widget-text-editor\" data-id=\"36f359c\" data-element_type=\"widget\" data-widget_type=\"text-editor.default\">\n\t\t\t\t<div class=\"elementor-widget-container\">\n\t\t\t\t\t\t\t<p>La misi\u00f3n de <b><em>TravelMed<\/em> <\/b>es brindar a los viajeros la mejor atenci\u00f3n m\u00e9dica preventiva y asesor\u00eda, adaptada a las caracter\u00edsticas espec\u00edficas de sus destinos. Entendemos que cada viaje es \u00fanico, y por ello, ofrecemos un enfoque personalizado para asegurar que cada paciente reciba los cuidados necesarios para mantenerse saludable en cualquier parte del mundo.<\/p>\n<p>Nos enorgullece contar con un equipo de profesionales altamente capacitados que entienden las necesidades del viajero moderno. Nos esforzamos por proporcionar servicios de salud de calidad que cubran desde la vacunaci\u00f3n hasta la emisi\u00f3n de certificados m\u00e9dicos internacionales.<\/p>\n<p><strong>Nuestros Valores<\/strong><\/p>\n<ul>\n<li><strong>Compromiso<\/strong>: Nos comprometemos a ofrecer un servicio de calidad, centrado en la seguridad y el bienestar del viajero.<\/li>\n<li><strong>Innovaci\u00f3n<\/strong>: Utilizamos tecnolog\u00eda de punta y nos mantenemos al d\u00eda con las \u00faltimas recomendaciones en medicina del viajero.<\/li>\n<li><strong>Confianza<\/strong>: Somos un equipo confiable que pone la salud de nuestros pacientes como prioridad.<\/li>\n<li><strong>Atenci\u00f3n Personalizada<\/strong>: Creemos que cada viaje y cada paciente es \u00fanico, por lo que personalizamos nuestros servicios para cada situaci\u00f3n particular.<\/li>\n<\/ul>\n<p>\u00a0<\/p>\t\t\t\t\t\t<\/div>\n\t\t\t\t<\/div>\n\t\t\t\t<\/div>\n\t\t\t\t\t<\/div>\n\t\t\t\t<\/div>\n\t\t<div class=\"elementor-element elementor-element-34f857d e-flex e-con-boxed e-con e-parent\" data-id=\"34f857d\" data-element_type=\"container\">\n\t\t\t\t\t<div class=\"e-con-inner\">\n\t\t\t\t<div class=\"elementor-element elementor-element-21781fc elementor-widget-divider--view-line elementor-widget elementor-widget-divider\" data-id=\"21781fc\" data-element_type=\"widget\" data-widget_type=\"divider.default\">\n\t\t\t\t<div class=\"elementor-widget-container\">\n\t\t\t\t\t<div class=\"elementor-divider\">\n\t\t\t<span class=\"elementor-divider-separator\">\n\t\t\t\t\t\t<\/span>\n\t\t<\/div>\n\t\t\t\t<\/div>\n\t\t\t\t<\/div>\n\t\t\t\t\t<\/div>\n\t\t\t\t<\/div>\n\t\t<div class=\"elementor-element elementor-element-b335f7a e-flex e-con-boxed e-con e-parent\" data-id=\"b335f7a\" data-element_type=\"container\">\n\t\t\t\t\t<div class=\"e-con-inner\">\n\t\t<div class=\"elementor-element elementor-element-69a4fc7 e-con-full e-flex e-con e-child\" data-id=\"69a4fc7\" data-element_type=\"container\">\n\t\t\t\t<div class=\"elementor-element elementor-element-2d0cb15 elementor-widget elementor-widget-text-editor\" data-id=\"2d0cb15\" data-element_type=\"widget\" data-widget_type=\"text-editor.default\">\n\t\t\t\t<div class=\"elementor-widget-container\">\n\t\t\t\t\t\t\t<p>Actualmente, contamos con dos puntos de atenci\u00f3n estrat\u00e9gicamente ubicados en Colombia:<\/p>\n<ul>\n<li>\n<p><strong>Santa Marta<\/strong>: Nuestra sede principal en esta ciudad tur\u00edstica ofrece un ambiente moderno y relajado para atender tanto a viajeros locales como internacionales. Con acceso directo a los puertos y al aeropuerto, somos el centro de referencia para la vacunaci\u00f3n y certificados de fiebre amarilla en la regi\u00f3n Caribe.<\/p>\n<\/li>\n<li>\n<p><strong>Medell\u00edn<\/strong>: Situada en una de las zonas m\u00e1s din\u00e1micas de la ciudad, nuestra sede en Medell\u00edn ofrece servicios de salud para viajeros con un enfoque en la preparaci\u00f3n de quienes viajan a zonas tropicales o \u00e1reas con requisitos m\u00e9dicos especiales.<\/p>\n<\/li>\n<\/ul>\t\t\t\t\t\t<\/div>\n\t\t\t\t<\/div>\n\t\t\t\t<\/div>\n\t\t<div class=\"elementor-element elementor-element-ea5f266 e-con-full e-flex e-con e-child\" data-id=\"ea5f266\" data-element_type=\"container\">\n\t\t\t\t<div class=\"elementor-element elementor-element-23c11ca elementor-widget elementor-widget-google_maps\" data-id=\"23c11ca\" data-element_type=\"widget\" data-widget_type=\"google_maps.default\">\n\t\t\t\t<div class=\"elementor-widget-container\">\n\t\t\t\t\t<div class=\"elementor-custom-embed\">\n\t\t\t<iframe loading=\"lazy\"\n\t\t\t\t\tsrc=\"https:\/\/maps.google.com\/maps?q=santa%20marta%2C%20colombia&#038;t=m&#038;z=10&#038;output=embed&#038;iwloc=near\"\n\t\t\t\t\ttitle=\"santa marta, colombia\"\n\t\t\t\t\taria-label=\"santa marta, colombia\"\n\t\t\t><\/iframe>\n\t\t<\/div>\n\t\t\t\t<\/div>\n\t\t\t\t<\/div>\n\t\t\t\t<\/div>\n\t\t\t\t\t<\/div>\n\t\t\t\t<\/div>\n\t\t\t\t<\/div>\n\t\t","protected":false},"excerpt":{"rendered":"<p>Sobre Nosotros En TravelMed, creemos que la salud del viajero es esencial para asegurar una experiencia de viaje tranquila y libre de preocupaciones. Fundados en 2023, nacimos con la misi\u00f3n de ofrecer un servicio especializado en medicina preventiva para aquellos que exploran el mundo, tanto por trabajo como por placer. Con a\u00f1os de experiencia en [&hellip;]<\/p>\n","protected":false},"author":1,"featured_media":0,"parent":0,"menu_order":0,"comment_status":"closed","ping_status":"open","template":"","meta":{"footnotes":""},"class_list":["post-2","page","type-page","status-publish","hentry"],"_links":{"self":[{"href":"https:\/\/travelmed.co\/index.php?rest_route=\/wp\/v2\/pages\/2","targetHints":{"allow":["GET"]}}],"collection":[{"href":"https:\/\/travelmed.co\/index.php?rest_route=\/wp\/v2\/pages"}],"about":[{"href":"https:\/\/travelmed.co\/index.php?rest_route=\/wp\/v2\/types\/page"}],"author":[{"embeddable":true,"href":"https:\/\/travelmed.co\/index.php?rest_route=\/wp\/v2\/users\/1"}],"replies":[{"embeddable":true,"href":"https:\/\/travelmed.co\/index.php?rest_route=%2Fwp%2Fv2%2Fcomments&post=2"}],"version-history":[{"count":27,"href":"https:\/\/travelmed.co\/index.php?rest_route=\/wp\/v2\/pages\/2\/revisions"}],"predecessor-version":[{"id":108,"href":"https:\/\/travelmed.co\/index.php?rest_route=\/wp\/v2\/pages\/2\/revisions\/108"}],"wp:attachment":[{"href":"https:\/\/travelmed.co\/index.php?rest_route=%2Fwp%2Fv2%2Fmedia&parent=2"}],"curies":[{"name":"wp","href":"https:\/\/api.w.org\/{rel}","templated":true}]}}